{"id":12096,"date":"2023-03-20T21:35:05","date_gmt":"2023-03-21T00:35:05","guid":{"rendered":"https:\/\/dev.novo.safras.com.br\/?post_type=product&#038;p=12096"},"modified":"2025-12-10T09:04:31","modified_gmt":"2025-12-10T12:04:31","slug":"curso-comercializacion-de-soja-y-maiz","status":"publish","type":"product","link":"https:\/\/safras.com.br\/es\/produto\/curso-comercializacion-de-soja-y-maiz\/","title":{"rendered":"Curso On Demand. Comercializaci\u00f3n de <verde>Soja y Ma\u00edz<\/verde>"},"content":{"rendered":"<h2><strong>Aprenda estrategias que fortalecer\u00e1n sus negociaciones en el sector agro y su curr\u00edculum.<\/strong><\/h2>\n<p>Conozca como funcionan los mecanismos de fijaci\u00f3n de precios y las estrat\u00e9gias efectivas que lo ayudar\u00e1n a convertirse en un actor exitoso en las operaciones de compra y venta de commodities.<\/p>\n<p>En este curso de Comercializaci\u00f3n de Soja y Ma\u00edz se capacita, de forma r\u00e1pida, a trav\u00e9s de una empresa que es pionera en referencia al mercado agr\u00edcola de Argentina, Latinoam\u00e9rica y Brasil. Todo el conocimiento que recibir\u00e1 es actualizado y desarrollado por analistas calificados con amplia experiencia en el sector.<\/p>\n<p>El curso fue desarrollado para los productores rurales, exportadores e Importadores y profesionales de la agroindustria que desean incrementar sus ganancias, utilizando un an\u00e1lisis t\u00e9cnico, informaci\u00f3n actualizada e inteligencia comercial para tomar las mejores decisiones comerciales en los mercados de soja y ma\u00edz. Con Safras &amp; Mercado Educacional podr\u00e1 tener acceso gratis a la Plataforma Safras para aplicar sus nuevos conocimientos adquiridos en la pr\u00e1ctica.<\/p>\n<h3><span style=\"color: #587806;\">\u00a1Inscr\u00edbase y asegure su lugar!<\/span><\/h3>\n","protected":false},"excerpt":{"rendered":"<p>Domin\u00e1 las variables que\u00a0<span class=\"x_726903217mark6qk0lwigy\">i<\/span>mpulsan el comercio de soja y ma\u00edz y potenci\u00e1 tus resultados<\/p>\n","protected":false},"featured_media":66789,"comment_status":"open","ping_status":"closed","template":"","meta":{"_acf_changed":false},"product_brand":[],"product_cat":[33],"product_tag":[],"commodity":[46,47,49],"professor":[421,428],"class_list":{"0":"post-12096","1":"product","2":"type-product","3":"status-publish","4":"has-post-thumbnail","6":"product_cat-curso","7":"commodity-maiz","8":"commodity-soja","9":"commodity-trigo","10":"professor-agustin-geier","11":"professor-andres-cannizzo","13":"first","14":"instock","15":"shipping-taxable","16":"product-type-external"},"acf":[],"yoast_head":"<!-- This site is optimized with the Yoast SEO plugin v26.5 - https:\/\/yoast.com\/wordpress\/plugins\/seo\/ -->\n<title>Curso On Demand. Comercializaci\u00f3n de Soja y Ma\u00edz - SAFRAS &amp; Mercado<\/title>\n<meta name=\"robots\" content=\"index, follow, max-snippet:-1, max-image-preview:large, max-video-preview:-1\" \/>\n<link rel=\"canonical\" href=\"https:\/\/safras.com.br\/es\/produto\/curso-comercializacion-de-soja-y-maiz\/\" \/>\n<meta property=\"og:locale\" content=\"es_ES\" \/>\n<meta property=\"og:type\" content=\"article\" \/>\n<meta property=\"og:title\" content=\"Curso On Demand. Comercializaci\u00f3n de Soja y Ma\u00edz - SAFRAS &amp; Mercado\" \/>\n<meta property=\"og:description\" content=\"Domin\u00e1 las variables que\u00a0impulsan el comercio de soja y ma\u00edz y potenci\u00e1 tus resultados\" \/>\n<meta property=\"og:url\" content=\"https:\/\/safras.com.br\/es\/produto\/curso-comercializacion-de-soja-y-maiz\/\" \/>\n<meta property=\"og:site_name\" content=\"SAFRAS &amp; Mercado\" \/>\n<meta property=\"article:modified_time\" content=\"2025-12-10T12:04:31+00:00\" \/>\n<meta property=\"og:image\" content=\"https:\/\/safras.com.br\/es\/wp-content\/uploads\/2023\/03\/2-Comercializacion-de-Soja-y-Maiz-e1757598155399.jpg\" \/>\n\t<meta property=\"og:image:width\" content=\"594\" \/>\n\t<meta property=\"og:image:height\" content=\"312\" \/>\n\t<meta property=\"og:image:type\" content=\"image\/jpeg\" \/>\n<meta name=\"twitter:card\" content=\"summary_large_image\" \/>\n<meta name=\"twitter:label1\" content=\"Tiempo de lectura\" \/>\n\t<meta name=\"twitter:data1\" content=\"11 minutos\" \/>\n<script type=\"application\/ld+json\" class=\"yoast-schema-graph\">{\"@context\":\"https:\/\/schema.org\",\"@graph\":[{\"@type\":\"WebPage\",\"@id\":\"https:\/\/safras.com.br\/es\/produto\/curso-comercializacion-de-soja-y-maiz\/\",\"url\":\"https:\/\/safras.com.br\/es\/produto\/curso-comercializacion-de-soja-y-maiz\/\",\"name\":\"Curso On Demand. Comercializaci\u00f3n de Soja y Ma\u00edz - SAFRAS &amp; Mercado\",\"isPartOf\":{\"@id\":\"https:\/\/safras.com.br\/es\/#website\"},\"primaryImageOfPage\":{\"@id\":\"https:\/\/safras.com.br\/es\/produto\/curso-comercializacion-de-soja-y-maiz\/#primaryimage\"},\"image\":{\"@id\":\"https:\/\/safras.com.br\/es\/produto\/curso-comercializacion-de-soja-y-maiz\/#primaryimage\"},\"thumbnailUrl\":\"https:\/\/safras.com.br\/es\/wp-content\/uploads\/2023\/03\/2-Comercializacion-de-Soja-y-Maiz-e1757598155399.jpg\",\"datePublished\":\"2023-03-21T00:35:05+00:00\",\"dateModified\":\"2025-12-10T12:04:31+00:00\",\"breadcrumb\":{\"@id\":\"https:\/\/safras.com.br\/es\/produto\/curso-comercializacion-de-soja-y-maiz\/#breadcrumb\"},\"inLanguage\":\"es\",\"potentialAction\":[{\"@type\":\"ReadAction\",\"target\":[\"https:\/\/safras.com.br\/es\/produto\/curso-comercializacion-de-soja-y-maiz\/\"]}]},{\"@type\":\"ImageObject\",\"inLanguage\":\"es\",\"@id\":\"https:\/\/safras.com.br\/es\/produto\/curso-comercializacion-de-soja-y-maiz\/#primaryimage\",\"url\":\"https:\/\/safras.com.br\/es\/wp-content\/uploads\/2023\/03\/2-Comercializacion-de-Soja-y-Maiz-e1757598155399.jpg\",\"contentUrl\":\"https:\/\/safras.com.br\/es\/wp-content\/uploads\/2023\/03\/2-Comercializacion-de-Soja-y-Maiz-e1757598155399.jpg\",\"width\":594,\"height\":312,\"caption\":\"2 Comercializacion de Soja y Maiz\"},{\"@type\":\"BreadcrumbList\",\"@id\":\"https:\/\/safras.com.br\/es\/produto\/curso-comercializacion-de-soja-y-maiz\/#breadcrumb\",\"itemListElement\":[{\"@type\":\"ListItem\",\"position\":1,\"name\":\"Portada\",\"item\":\"https:\/\/safras.com.br\/es\/\"},{\"@type\":\"ListItem\",\"position\":2,\"name\":\"Productos\",\"item\":\"https:\/\/safras.com.br\/es\/shop\/\"},{\"@type\":\"ListItem\",\"position\":3,\"name\":\"Curso On Demand. Comercializaci\u00f3n de Soja y Ma\u00edz\"}]},{\"@type\":\"WebSite\",\"@id\":\"https:\/\/safras.com.br\/es\/#website\",\"url\":\"https:\/\/safras.com.br\/es\/\",\"name\":\"SAFRAS & Mercado\",\"description\":\"El ecosistema de agronegocios\",\"publisher\":{\"@id\":\"https:\/\/safras.com.br\/es\/#organization\"},\"potentialAction\":[{\"@type\":\"SearchAction\",\"target\":{\"@type\":\"EntryPoint\",\"urlTemplate\":\"https:\/\/safras.com.br\/es\/?s={search_term_string}\"},\"query-input\":{\"@type\":\"PropertyValueSpecification\",\"valueRequired\":true,\"valueName\":\"search_term_string\"}}],\"inLanguage\":\"es\"},{\"@type\":\"Organization\",\"@id\":\"https:\/\/safras.com.br\/es\/#organization\",\"name\":\"SAFRAS & Mercado\",\"url\":\"https:\/\/safras.com.br\/es\/\",\"logo\":{\"@type\":\"ImageObject\",\"inLanguage\":\"es\",\"@id\":\"https:\/\/safras.com.br\/es\/#\/schema\/logo\/image\/\",\"url\":\"https:\/\/safras.com.br\/es\/wp-content\/uploads\/2023\/01\/cropped-favicon.png\",\"contentUrl\":\"https:\/\/safras.com.br\/es\/wp-content\/uploads\/2023\/01\/cropped-favicon.png\",\"width\":512,\"height\":512,\"caption\":\"SAFRAS & Mercado\"},\"image\":{\"@id\":\"https:\/\/safras.com.br\/es\/#\/schema\/logo\/image\/\"}}]}<\/script>\n<!-- \/ Yoast SEO plugin. -->","yoast_head_json":{"title":"Curso On Demand. Comercializaci\u00f3n de Soja y Ma\u00edz - SAFRAS &amp; Mercado","robots":{"index":"index","follow":"follow","max-snippet":"max-snippet:-1","max-image-preview":"max-image-preview:large","max-video-preview":"max-video-preview:-1"},"canonical":"https:\/\/safras.com.br\/es\/produto\/curso-comercializacion-de-soja-y-maiz\/","og_locale":"es_ES","og_type":"article","og_title":"Curso On Demand. Comercializaci\u00f3n de Soja y Ma\u00edz - SAFRAS &amp; Mercado","og_description":"Domin\u00e1 las variables que\u00a0impulsan el comercio de soja y ma\u00edz y potenci\u00e1 tus resultados","og_url":"https:\/\/safras.com.br\/es\/produto\/curso-comercializacion-de-soja-y-maiz\/","og_site_name":"SAFRAS &amp; Mercado","article_modified_time":"2025-12-10T12:04:31+00:00","og_image":[{"width":594,"height":312,"url":"https:\/\/safras.com.br\/es\/wp-content\/uploads\/2023\/03\/2-Comercializacion-de-Soja-y-Maiz-e1757598155399.jpg","type":"image\/jpeg"}],"twitter_card":"summary_large_image","twitter_misc":{"Tiempo de lectura":"11 minutos"},"schema":{"@context":"https:\/\/schema.org","@graph":[{"@type":"WebPage","@id":"https:\/\/safras.com.br\/es\/produto\/curso-comercializacion-de-soja-y-maiz\/","url":"https:\/\/safras.com.br\/es\/produto\/curso-comercializacion-de-soja-y-maiz\/","name":"Curso On Demand. Comercializaci\u00f3n de Soja y Ma\u00edz - SAFRAS &amp; Mercado","isPartOf":{"@id":"https:\/\/safras.com.br\/es\/#website"},"primaryImageOfPage":{"@id":"https:\/\/safras.com.br\/es\/produto\/curso-comercializacion-de-soja-y-maiz\/#primaryimage"},"image":{"@id":"https:\/\/safras.com.br\/es\/produto\/curso-comercializacion-de-soja-y-maiz\/#primaryimage"},"thumbnailUrl":"https:\/\/safras.com.br\/es\/wp-content\/uploads\/2023\/03\/2-Comercializacion-de-Soja-y-Maiz-e1757598155399.jpg","datePublished":"2023-03-21T00:35:05+00:00","dateModified":"2025-12-10T12:04:31+00:00","breadcrumb":{"@id":"https:\/\/safras.com.br\/es\/produto\/curso-comercializacion-de-soja-y-maiz\/#breadcrumb"},"inLanguage":"es","potentialAction":[{"@type":"ReadAction","target":["https:\/\/safras.com.br\/es\/produto\/curso-comercializacion-de-soja-y-maiz\/"]}]},{"@type":"ImageObject","inLanguage":"es","@id":"https:\/\/safras.com.br\/es\/produto\/curso-comercializacion-de-soja-y-maiz\/#primaryimage","url":"https:\/\/safras.com.br\/es\/wp-content\/uploads\/2023\/03\/2-Comercializacion-de-Soja-y-Maiz-e1757598155399.jpg","contentUrl":"https:\/\/safras.com.br\/es\/wp-content\/uploads\/2023\/03\/2-Comercializacion-de-Soja-y-Maiz-e1757598155399.jpg","width":594,"height":312,"caption":"2 Comercializacion de Soja y Maiz"},{"@type":"BreadcrumbList","@id":"https:\/\/safras.com.br\/es\/produto\/curso-comercializacion-de-soja-y-maiz\/#breadcrumb","itemListElement":[{"@type":"ListItem","position":1,"name":"Portada","item":"https:\/\/safras.com.br\/es\/"},{"@type":"ListItem","position":2,"name":"Productos","item":"https:\/\/safras.com.br\/es\/shop\/"},{"@type":"ListItem","position":3,"name":"Curso On Demand. Comercializaci\u00f3n de Soja y Ma\u00edz"}]},{"@type":"WebSite","@id":"https:\/\/safras.com.br\/es\/#website","url":"https:\/\/safras.com.br\/es\/","name":"SAFRAS & Mercado","description":"El ecosistema de agronegocios","publisher":{"@id":"https:\/\/safras.com.br\/es\/#organization"},"potentialAction":[{"@type":"SearchAction","target":{"@type":"EntryPoint","urlTemplate":"https:\/\/safras.com.br\/es\/?s={search_term_string}"},"query-input":{"@type":"PropertyValueSpecification","valueRequired":true,"valueName":"search_term_string"}}],"inLanguage":"es"},{"@type":"Organization","@id":"https:\/\/safras.com.br\/es\/#organization","name":"SAFRAS & Mercado","url":"https:\/\/safras.com.br\/es\/","logo":{"@type":"ImageObject","inLanguage":"es","@id":"https:\/\/safras.com.br\/es\/#\/schema\/logo\/image\/","url":"https:\/\/safras.com.br\/es\/wp-content\/uploads\/2023\/01\/cropped-favicon.png","contentUrl":"https:\/\/safras.com.br\/es\/wp-content\/uploads\/2023\/01\/cropped-favicon.png","width":512,"height":512,"caption":"SAFRAS & Mercado"},"image":{"@id":"https:\/\/safras.com.br\/es\/#\/schema\/logo\/image\/"}}]}},"_links":{"self":[{"href":"https:\/\/safras.com.br\/es\/wp-json\/wp\/v2\/product\/12096","targetHints":{"allow":["GET"]}}],"collection":[{"href":"https:\/\/safras.com.br\/es\/wp-json\/wp\/v2\/product"}],"about":[{"href":"https:\/\/safras.com.br\/es\/wp-json\/wp\/v2\/types\/product"}],"replies":[{"embeddable":true,"href":"https:\/\/safras.com.br\/es\/wp-json\/wp\/v2\/comments?post=12096"}],"version-history":[{"count":25,"href":"https:\/\/safras.com.br\/es\/wp-json\/wp\/v2\/product\/12096\/revisions"}],"predecessor-version":[{"id":67764,"href":"https:\/\/safras.com.br\/es\/wp-json\/wp\/v2\/product\/12096\/revisions\/67764"}],"wp:featuredmedia":[{"embeddable":true,"href":"https:\/\/safras.com.br\/es\/wp-json\/wp\/v2\/media\/66789"}],"wp:attachment":[{"href":"https:\/\/safras.com.br\/es\/wp-json\/wp\/v2\/media?parent=12096"}],"wp:term":[{"taxonomy":"product_brand","embeddable":true,"href":"https:\/\/safras.com.br\/es\/wp-json\/wp\/v2\/product_brand?post=12096"},{"taxonomy":"product_cat","embeddable":true,"href":"https:\/\/safras.com.br\/es\/wp-json\/wp\/v2\/product_cat?post=12096"},{"taxonomy":"product_tag","embeddable":true,"href":"https:\/\/safras.com.br\/es\/wp-json\/wp\/v2\/product_tag?post=12096"},{"taxonomy":"commodity","embeddable":true,"href":"https:\/\/safras.com.br\/es\/wp-json\/wp\/v2\/commodity?post=12096"},{"taxonomy":"professor","embeddable":true,"href":"https:\/\/safras.com.br\/es\/wp-json\/wp\/v2\/professor?post=12096"}],"curies":[{"name":"wp","href":"https:\/\/api.w.org\/{rel}","templated":true}]}}